{"id":5447,"date":"2023-11-05T09:09:06","date_gmt":"2023-11-05T08:09:06","guid":{"rendered":"https:\/\/revistadigital-mallorca.es\/networking-und-events\/"},"modified":"2025-11-16T17:23:23","modified_gmt":"2025-11-16T16:23:23","slug":"networking-und-events","status":"publish","type":"page","link":"https:\/\/revistadigital-mallorca.es\/de\/networking-und-events\/","title":{"rendered":"Networking und Events"},"content":{"rendered":"\t\t<div data-elementor-type=\"wp-page\" data-elementor-id=\"5447\" class=\"elementor elementor-5447 elementor-2035\" data-elementor-post-type=\"page\">\n\t\t\t\t<div class=\"elementor-element elementor-element-819eb0b e-flex e-con-boxed e-con e-parent\" data-id=\"819eb0b\" data-element_type=\"container\" data-e-type=\"container\">\n\t\t\t\t\t<div class=\"e-con-inner\">\n\t\t\t\t<div class=\"elementor-element elementor-element-1d4783d elementor-widget elementor-widget-spacer\" data-id=\"1d4783d\" data-element_type=\"widget\" data-e-type=\"widget\" data-widget_type=\"spacer.default\">\n\t\t\t\t<div class=\"elementor-widget-container\">\n\t\t\t\t\t\t\t<div class=\"elementor-spacer\">\n\t\t\t<div class=\"elementor-spacer-inner\"><\/div>\n\t\t<\/div>\n\t\t\t\t\t\t<\/div>\n\t\t\t\t<\/div>\n\t\t\t\t<div class=\"elementor-element elementor-element-5a44e38 elementor-widget elementor-widget-heading\" data-id=\"5a44e38\" data-element_type=\"widget\" data-e-type=\"widget\" data-widget_type=\"heading.default\">\n\t\t\t\t<div class=\"elementor-widget-container\">\n\t\t\t\t\t<h2 class=\"elementor-heading-title elementor-size-default\">AKTIVIT\u00c4TENPLAN<\/h2>\t\t\t\t<\/div>\n\t\t\t\t<\/div>\n\t\t\t\t<div class=\"elementor-element elementor-element-96e259a elementor-widget elementor-widget-spacer\" data-id=\"96e259a\" data-element_type=\"widget\" data-e-type=\"widget\" data-widget_type=\"spacer.default\">\n\t\t\t\t<div class=\"elementor-widget-container\">\n\t\t\t\t\t\t\t<div class=\"elementor-spacer\">\n\t\t\t<div class=\"elementor-spacer-inner\"><\/div>\n\t\t<\/div>\n\t\t\t\t\t\t<\/div>\n\t\t\t\t<\/div>\n\t\t\t\t<div class=\"elementor-element elementor-element-0dd4058 elementor-widget elementor-widget-price-list\" data-id=\"0dd4058\" data-element_type=\"widget\" data-e-type=\"widget\" data-widget_type=\"price-list.default\">\n\t\t\t\t<div class=\"elementor-widget-container\">\n\t\t\t\t\t\n\t\t<ul class=\"elementor-price-list\">\n\n\t\t\t\t\t\t\t\t\t<li><a class=\"elementor-price-list-item\" href=\"#\">\t\t\t\t\n\t\t\t\t<div class=\"elementor-price-list-text\">\n\t\t\t\t\t\t\t\t\t<div class=\"elementor-price-list-header\">\n\t\t\t\t\t\t\t\t\t\t\t<span class=\"elementor-price-list-title\">\n\t\t\t\t\t\t\tSEO-Schulungen f\u00fcr Privatpersonen und Unternehmen\t\t\t\t\t\t<\/span>\n\t\t\t\t\t\t\t\t\t\t\t\t\t\t\t\t\t\t<span class=\"elementor-price-list-separator\"><\/span>\n\t\t\t\t\t\t\t\t\t\t\t\t\t\t\t\t<\/div>\n\t\t\t\t\t\t\t\t\t\t\t\t\t\t\t<p class=\"elementor-price-list-description\">\n\t\t\t\t\t\t\tJeden Mittwoch\nOrt: PARC BIT | NTIC-Geb\u00e4ude<br>Zeit: 18:00\u201319:00 Uhr \t\t\t\t\t\t<\/p>\n\t\t\t\t\t\t\t\t<\/div>\n\t\t\t\t<\/a><\/li>\t\t\t\t\t\t\t\t\t\t\t\t<li><a class=\"elementor-price-list-item\" href=\"https:\/\/www.thebeautyofnow.net\/somatic-breathwork-and-bodywork\/\" target=\"_blank\" rel=\"nofollow noopener\">\t\t\t\t\n\t\t\t\t<div class=\"elementor-price-list-text\">\n\t\t\t\t\t\t\t\t\t<div class=\"elementor-price-list-header\">\n\t\t\t\t\t\t\t\t\t\t\t<span class=\"elementor-price-list-title\">\n\t\t\t\t\t\t\tHolosomatic Body Therapy\t\t\t\t\t\t<\/span>\n\t\t\t\t\t\t\t\t\t\t\t\t\t\t\t\t\t\t<span class=\"elementor-price-list-separator\"><\/span>\n\t\t\t\t\t\t\t\t\t\t\t\t\t\t\t\t<\/div>\n\t\t\t\t\t\t\t\t\t\t\t\t\t\t\t<p class=\"elementor-price-list-description\">\n\t\t\t\t\t\t\t\n\t\t\t\t\t\t<\/p>\n\t\t\t\t\t\t\t\t<\/div>\n\t\t\t\t<\/a><\/li>\t\t\t\t\t\t\t\t\t\t\t\t<li><a class=\"elementor-price-list-item\" href=\"https:\/\/www.thebeautyofnow.net\/embodiment-coaching\/\" target=\"_blank\" rel=\"nofollow noopener\">\t\t\t\t\n\t\t\t\t<div class=\"elementor-price-list-text\">\n\t\t\t\t\t\t\t\t\t<div class=\"elementor-price-list-header\">\n\t\t\t\t\t\t\t\t\t\t\t<span class=\"elementor-price-list-title\">\n\t\t\t\t\t\t\tEmbodiment Coaching\t\t\t\t\t\t<\/span>\n\t\t\t\t\t\t\t\t\t\t\t\t\t\t\t\t\t\t<span class=\"elementor-price-list-separator\"><\/span>\n\t\t\t\t\t\t\t\t\t\t\t\t\t\t\t\t<\/div>\n\t\t\t\t\t\t\t\t\t\t\t\t<\/div>\n\t\t\t\t<\/a><\/li>\t\t\t\t\t\n\t\t<\/ul>\n\n\t\t\t\t\t\t<\/div>\n\t\t\t\t<\/div>\n\t\t\t\t<div class=\"elementor-element elementor-element-eed17ce elementor-widget elementor-widget-spacer\" data-id=\"eed17ce\" data-element_type=\"widget\" data-e-type=\"widget\" data-widget_type=\"spacer.default\">\n\t\t\t\t<div class=\"elementor-widget-container\">\n\t\t\t\t\t\t\t<div class=\"elementor-spacer\">\n\t\t\t<div class=\"elementor-spacer-inner\"><\/div>\n\t\t<\/div>\n\t\t\t\t\t\t<\/div>\n\t\t\t\t<\/div>\n\t\t\t\t<div class=\"elementor-element elementor-element-02f0e7c elementor-widget elementor-widget-gallery\" data-id=\"02f0e7c\" data-element_type=\"widget\" data-e-type=\"widget\" data-settings=\"{&quot;columns&quot;:3,&quot;gap&quot;:{&quot;unit&quot;:&quot;px&quot;,&quot;size&quot;:40,&quot;sizes&quot;:[]},&quot;aspect_ratio&quot;:&quot;1:1&quot;,&quot;lazyload&quot;:&quot;yes&quot;,&quot;gallery_layout&quot;:&quot;grid&quot;,&quot;columns_tablet&quot;:2,&quot;columns_mobile&quot;:1,&quot;gap_widescreen&quot;:{&quot;unit&quot;:&quot;px&quot;,&quot;size&quot;:&quot;&quot;,&quot;sizes&quot;:[]},&quot;gap_tablet&quot;:{&quot;unit&quot;:&quot;px&quot;,&quot;size&quot;:10,&quot;sizes&quot;:[]},&quot;gap_mobile&quot;:{&quot;unit&quot;:&quot;px&quot;,&quot;size&quot;:10,&quot;sizes&quot;:[]},&quot;link_to&quot;:&quot;file&quot;,&quot;overlay_background&quot;:&quot;yes&quot;,&quot;content_hover_animation&quot;:&quot;fade-in&quot;}\" data-widget_type=\"gallery.default\">\n\t\t\t\t<div class=\"elementor-widget-container\">\n\t\t\t\t\t\t\t<div class=\"elementor-gallery__container\">\n\t\t\t\t\t\t\t<a class=\"e-gallery-item elementor-gallery-item elementor-animated-content\" href=\"https:\/\/revistadigital-mallorca.es\/wp-content\/uploads\/2023\/11\/Agencia-Creativa-Exel-Artblau-Edificio-Ntic-parc-Bit.jpg\" data-elementor-open-lightbox=\"yes\" data-elementor-lightbox-slideshow=\"02f0e7c\" data-elementor-lightbox-title=\"Agencia-Creativa-Exel---Artblau---Edificio-Ntic-parc-Bit\" data-e-action-hash=\"#elementor-action%3Aaction%3Dlightbox%26settings%3DeyJpZCI6MjAxMywidXJsIjoiaHR0cHM6XC9cL3JldmlzdGFkaWdpdGFsLW1hbGxvcmNhLmVzXC93cC1jb250ZW50XC91cGxvYWRzXC8yMDIzXC8xMVwvQWdlbmNpYS1DcmVhdGl2YS1FeGVsLUFydGJsYXUtRWRpZmljaW8tTnRpYy1wYXJjLUJpdC5qcGciLCJzbGlkZXNob3ciOiIwMmYwZTdjIn0%3D\">\n\t\t\t\t\t<div class=\"e-gallery-image elementor-gallery-item__image\" data-thumbnail=\"https:\/\/revistadigital-mallorca.es\/wp-content\/uploads\/2023\/11\/Agencia-Creativa-Exel-Artblau-Edificio-Ntic-parc-Bit-300x225.jpg\" data-width=\"300\" data-height=\"225\" aria-label=\"Edificio NTIC\" role=\"img\" ><\/div>\n\t\t\t\t\t\t\t\t\t\t\t<div class=\"elementor-gallery-item__overlay\"><\/div>\n\t\t\t\t\t\t\t\t\t\t\t\t\t\t<\/a>\n\t\t\t\t\t\t\t<a class=\"e-gallery-item elementor-gallery-item elementor-animated-content\" href=\"https:\/\/revistadigital-mallorca.es\/wp-content\/uploads\/2023\/11\/cambra-de-comercc-mallorca.jpg\" data-elementor-open-lightbox=\"yes\" data-elementor-lightbox-slideshow=\"02f0e7c\" data-elementor-lightbox-title=\"cambra de comerc\u00e7 mallorca\" data-e-action-hash=\"#elementor-action%3Aaction%3Dlightbox%26settings%3DeyJpZCI6MjAyMSwidXJsIjoiaHR0cHM6XC9cL3JldmlzdGFkaWdpdGFsLW1hbGxvcmNhLmVzXC93cC1jb250ZW50XC91cGxvYWRzXC8yMDIzXC8xMVwvY2FtYnJhLWRlLWNvbWVyY2MtbWFsbG9yY2EuanBnIiwic2xpZGVzaG93IjoiMDJmMGU3YyJ9\">\n\t\t\t\t\t<div class=\"e-gallery-image elementor-gallery-item__image\" data-thumbnail=\"https:\/\/revistadigital-mallorca.es\/wp-content\/uploads\/2023\/11\/cambra-de-comercc-mallorca-271x300.jpg\" data-width=\"271\" data-height=\"300\" aria-label=\"Eventos\" role=\"img\" ><\/div>\n\t\t\t\t\t\t\t\t\t\t\t<div class=\"elementor-gallery-item__overlay\"><\/div>\n\t\t\t\t\t\t\t\t\t\t\t\t\t\t<\/a>\n\t\t\t\t\t\t\t<a class=\"e-gallery-item elementor-gallery-item elementor-animated-content\" href=\"https:\/\/revistadigital-mallorca.es\/wp-content\/uploads\/2023\/12\/Beewi-1.jpg\" data-elementor-open-lightbox=\"yes\" data-elementor-lightbox-slideshow=\"02f0e7c\" data-elementor-lightbox-title=\"Beewi-1\" data-e-action-hash=\"#elementor-action%3Aaction%3Dlightbox%26settings%3DeyJpZCI6NDAyNSwidXJsIjoiaHR0cHM6XC9cL3JldmlzdGFkaWdpdGFsLW1hbGxvcmNhLmVzXC93cC1jb250ZW50XC91cGxvYWRzXC8yMDIzXC8xMlwvQmVld2ktMS5qcGciLCJzbGlkZXNob3ciOiIwMmYwZTdjIn0%3D\">\n\t\t\t\t\t<div class=\"e-gallery-image elementor-gallery-item__image\" data-thumbnail=\"https:\/\/revistadigital-mallorca.es\/wp-content\/uploads\/2023\/12\/Beewi-1-300x200.jpg\" data-width=\"300\" data-height=\"200\" aria-label=\"\" role=\"img\" ><\/div>\n\t\t\t\t\t\t\t\t\t\t\t<div class=\"elementor-gallery-item__overlay\"><\/div>\n\t\t\t\t\t\t\t\t\t\t\t\t\t\t<\/a>\n\t\t\t\t\t<\/div>\n\t\t\t\t\t<\/div>\n\t\t\t\t<\/div>\n\t\t\t\t<div class=\"elementor-element elementor-element-216ebd9 elementor-widget elementor-widget-text-editor\" data-id=\"216ebd9\" data-element_type=\"widget\" data-e-type=\"widget\" data-widget_type=\"text-editor.default\">\n\t\t\t\t<div class=\"elementor-widget-container\">\n\t\t\t\t\t\t\t\t\t<h6>Wir haben Veranstaltungsorte in Palma de Mallorca ausgew\u00e4hlt, an denen das ganze Jahr \u00fcber einige unserer Mitgliederveranstaltungen stattfinden.<\/h6><h6>Wir treffen uns, um die neuesten Entwicklungen in der balearischen Gesch\u00e4ftswelt zu besprechen. Auf Wunsch stellen wir Ihnen gerne weitere Mitglieder vor, mit denen wir ein Potenzial f\u00fcr eine Zusammenarbeit sehen.<\/h6>\t\t\t\t\t\t\t\t<\/div>\n\t\t\t\t<\/div>\n\t\t\t\t<div class=\"elementor-element elementor-element-2cd1041 elementor-widget elementor-widget-anymag_title\" data-id=\"2cd1041\" data-element_type=\"widget\" data-e-type=\"widget\" data-widget_type=\"anymag_title.default\">\n\t\t\t\t<div class=\"elementor-widget-container\">\n\t\t\t\t\t<div class=\"section-title side-pattern\"><h4>H\u00e1gase miembro de esta comunidad<\/h4><\/div>\t\t\t\t<\/div>\n\t\t\t\t<\/div>\n\t\t\t\t<div class=\"elementor-element elementor-element-686b14c elementor-widget elementor-widget-text-editor\" data-id=\"686b14c\" data-element_type=\"widget\" data-e-type=\"widget\" data-widget_type=\"text-editor.default\">\n\t\t\t\t<div class=\"elementor-widget-container\">\n\t\t\t\t\t\t\t\t\t<h5>Was Sie als Gegenleistung f\u00fcr Ihre Mitgliedschaft in der Mallorca Digital Magazine Community erhalten<\/h5>\n<ul>\n<li>Sie k\u00f6nnen von den Werbeinvestitionen des Magazins in der Region profitieren und das ganze Jahr \u00fcber \u00fcber einen weiteren Kanal Leads generieren.<\/li>\n<li>Erhalten Sie Benachrichtigungen und nehmen Sie mit einem Mitgliederrabatt an von Revista Digital organisierten Veranstaltungen wie Gesch\u00e4ftsessen und thematischen Konferenzen teil.<\/li>\n<li>Nehmen Sie an kurzen Networking-Events teil, um Kooperationsbeziehungen mit anderen Mitgliedern aufzubauen.<\/li>\n<li>Greifen Sie auf unsere Plattform f\u00fcr Marketing- und Wachstumsl\u00f6sungen f\u00fcr Unternehmen und Unternehmer zu.<\/li>\n<li>Pr\u00e4sentieren Sie Ihre Aktivit\u00e4ten im Mitgliederverzeichnis, um neue Kunden zu gewinnen und Partnerschaften aufzubauen. <\/li>\n<\/ul>\t\t\t\t\t\t\t\t<\/div>\n\t\t\t\t<\/div>\n\t\t\t\t<div class=\"elementor-element elementor-element-0a79909 elementor-widget__width-initial elementor-widget elementor-widget-text-editor\" data-id=\"0a79909\" data-element_type=\"widget\" data-e-type=\"widget\" data-widget_type=\"text-editor.default\">\n\t\t\t\t<div class=\"elementor-widget-container\">\n\t\t\t\t\t\t\t\t\t<h5>Werden Sie Mitglied dieser Community und ver\u00f6ffentlichen Sie Ihr Unternehmen in unserem Magazin.&nbsp; Bauen Sie Ihr Netzwerk auf, finden Sie Synergien und gewinnen Sie neue Kunden.<\/h5>\n<p>Preis &nbsp; 120 \u20ac \/Jahr (+ MwSt.)<\/p>\t\t\t\t\t\t\t\t<\/div>\n\t\t\t\t<\/div>\n\t\t\t\t<div class=\"elementor-element elementor-element-b21c59a elementor-widget elementor-widget-button\" data-id=\"b21c59a\" data-element_type=\"widget\" data-e-type=\"widget\" data-widget_type=\"button.default\">\n\t\t\t\t<div class=\"elementor-widget-container\">\n\t\t\t\t\t\t\t\t\t<div class=\"elementor-button-wrapper\">\n\t\t\t\t\t<a class=\"elementor-button elementor-button-link elementor-size-sm\" href=\"https:\/\/revistadigital-mallorca.es\/de\/mitgliederprogramm\/\">\n\t\t\t\t\t\t<span class=\"elementor-button-content-wrapper\">\n\t\t\t\t\t\t\t\t\t<span class=\"elementor-button-text\">Wenn Sie noch kein Mitglied sind, bewerben Sie sich hier.<\/span>\n\t\t\t\t\t<\/span>\n\t\t\t\t\t<\/a>\n\t\t\t\t<\/div>\n\t\t\t\t\t\t\t\t<\/div>\n\t\t\t\t<\/div>\n\t\t\t\t<div class=\"elementor-element elementor-element-c4befa3 elementor-widget elementor-widget-spacer\" data-id=\"c4befa3\" data-element_type=\"widget\" data-e-type=\"widget\" data-widget_type=\"spacer.default\">\n\t\t\t\t<div class=\"elementor-widget-container\">\n\t\t\t\t\t\t\t<div class=\"elementor-spacer\">\n\t\t\t<div class=\"elementor-spacer-inner\"><\/div>\n\t\t<\/div>\n\t\t\t\t\t\t<\/div>\n\t\t\t\t<\/div>\n\t\t\t\t\t<\/div>\n\t\t\t\t<\/div>\n\t\t<div class=\"elementor-element elementor-element-1bac07d e-flex e-con-boxed e-con e-parent\" data-id=\"1bac07d\" data-element_type=\"container\" data-e-type=\"container\">\n\t\t\t\t\t<div class=\"e-con-inner\">\n\t\t\t\t<div class=\"elementor-element elementor-element-f3654d6 elementor-widget elementor-widget-text-editor\" data-id=\"f3654d6\" data-element_type=\"widget\" data-e-type=\"widget\" data-widget_type=\"text-editor.default\">\n\t\t\t\t<div class=\"elementor-widget-container\">\n\t\t\t\t\t\t\t\t\t<h3>REVISTA DIGITAL MALLORCA<\/h3>\t\t\t\t\t\t\t\t<\/div>\n\t\t\t\t<\/div>\n\t\t\t\t<div class=\"elementor-element elementor-element-a44a70e elementor-widget elementor-widget-google_maps\" data-id=\"a44a70e\" data-element_type=\"widget\" data-e-type=\"widget\" data-widget_type=\"google_maps.default\">\n\t\t\t\t<div class=\"elementor-widget-container\">\n\t\t\t\t\t\t\t<div class=\"elementor-custom-embed\">\n\t\t\t<iframe loading=\"lazy\"\n\t\t\t\t\tsrc=\"https:\/\/maps.google.com\/maps?q=Calle%20Ada%20byron%20s%2Fn%2007120%20Palma%20de%20Mallorca&#038;t=m&#038;z=11&#038;output=embed&#038;iwloc=near\"\n\t\t\t\t\ttitle=\"Calle Ada byron s\/n 07120 Palma de Mallorca\"\n\t\t\t\t\taria-label=\"Calle Ada byron s\/n 07120 Palma de Mallorca\"\n\t\t\t><\/iframe>\n\t\t<\/div>\n\t\t\t\t\t\t<\/div>\n\t\t\t\t<\/div>\n\t\t\t\t\t<\/div>\n\t\t\t\t<\/div>\n\t\t<div class=\"elementor-element elementor-element-4b65dac e-flex e-con-boxed e-con e-parent\" data-id=\"4b65dac\" data-element_type=\"container\" data-e-type=\"container\">\n\t\t\t\t\t<div class=\"e-con-inner\">\n\t\t\t\t<div class=\"elementor-element elementor-element-1be835c elementor-widget elementor-widget-button\" data-id=\"1be835c\" data-element_type=\"widget\" data-e-type=\"widget\" data-widget_type=\"button.default\">\n\t\t\t\t<div class=\"elementor-widget-container\">\n\t\t\t\t\t\t\t\t\t<div class=\"elementor-button-wrapper\">\n\t\t\t\t\t<a class=\"elementor-button elementor-button-link elementor-size-sm\" href=\"https:\/\/revistadigital-mallorca.es\/de\/kontaktiere-uns\/\">\n\t\t\t\t\t\t<span class=\"elementor-button-content-wrapper\">\n\t\t\t\t\t\t\t\t\t<span class=\"elementor-button-text\">Eine allgemeine Frage? Klicken Sie hier. <\/span>\n\t\t\t\t\t<\/span>\n\t\t\t\t\t<\/a>\n\t\t\t\t<\/div>\n\t\t\t\t\t\t\t\t<\/div>\n\t\t\t\t<\/div>\n\t\t\t\t\t<\/div>\n\t\t\t\t<\/div>\n\t\t\t\t<\/div>\n\t\t","protected":false},"excerpt":{"rendered":"<p>AKTIVIT\u00c4TENPLAN SEO-Schulungen f\u00fcr Privatpersonen und Unternehmen Jeden Mittwoch Ort: PARC BIT | NTIC-Geb\u00e4udeZeit: 18:00\u201319:00 Uhr Holosomatic Body Therapy Embodiment Coaching Wir haben Veranstaltungsorte in Palma de Mallorca ausgew\u00e4hlt, an denen das ganze Jahr \u00fcber einige unserer Mitgliederveranstaltungen stattfinden. Wir treffen uns, um die neuesten Entwicklungen in der balearischen Gesch\u00e4ftswelt zu besprechen. Auf Wunsch stellen wir [&hellip;]<\/p>\n","protected":false},"author":1,"featured_media":6455,"parent":0,"menu_order":0,"comment_status":"closed","ping_status":"closed","template":"","meta":{"_acf_changed":false,"footnotes":""},"tags":[],"class_list":["post-5447","page","type-page","status-publish","has-post-thumbnail","hentry"],"acf":[],"_links":{"self":[{"href":"https:\/\/revistadigital-mallorca.es\/de\/wp-json\/wp\/v2\/pages\/5447","targetHints":{"allow":["GET"]}}],"collection":[{"href":"https:\/\/revistadigital-mallorca.es\/de\/wp-json\/wp\/v2\/pages"}],"about":[{"href":"https:\/\/revistadigital-mallorca.es\/de\/wp-json\/wp\/v2\/types\/page"}],"author":[{"embeddable":true,"href":"https:\/\/revistadigital-mallorca.es\/de\/wp-json\/wp\/v2\/users\/1"}],"replies":[{"embeddable":true,"href":"https:\/\/revistadigital-mallorca.es\/de\/wp-json\/wp\/v2\/comments?post=5447"}],"version-history":[{"count":0,"href":"https:\/\/revistadigital-mallorca.es\/de\/wp-json\/wp\/v2\/pages\/5447\/revisions"}],"wp:featuredmedia":[{"embeddable":true,"href":"https:\/\/revistadigital-mallorca.es\/de\/wp-json\/wp\/v2\/media\/6455"}],"wp:attachment":[{"href":"https:\/\/revistadigital-mallorca.es\/de\/wp-json\/wp\/v2\/media?parent=5447"}],"wp:term":[{"taxonomy":"post_tag","embeddable":true,"href":"https:\/\/revistadigital-mallorca.es\/de\/wp-json\/wp\/v2\/tags?post=5447"}],"curies":[{"name":"wp","href":"https:\/\/api.w.org\/{rel}","templated":true}]}}