{"id":5433,"date":"2023-11-12T14:59:37","date_gmt":"2023-11-12T13:59:37","guid":{"rendered":"https:\/\/revistadigital-mallorca.es\/aktivitaeten\/"},"modified":"2025-11-17T20:27:39","modified_gmt":"2025-11-17T19:27:39","slug":"touristische-aktivitaten-mallorca","status":"publish","type":"page","link":"https:\/\/revistadigital-mallorca.es\/de\/touristische-aktivitaten-mallorca\/","title":{"rendered":"Aktivit\u00e4ten"},"content":{"rendered":"\t\t<div data-elementor-type=\"wp-page\" data-elementor-id=\"5433\" class=\"elementor elementor-5433 elementor-2676\" data-elementor-post-type=\"page\">\n\t\t\t\t<div class=\"elementor-element elementor-element-1e27cf8 e-flex e-con-boxed e-con e-parent\" data-id=\"1e27cf8\" data-element_type=\"container\" data-e-type=\"container\">\n\t\t\t\t\t<div class=\"e-con-inner\">\n\t\t\t\t<div class=\"elementor-element elementor-element-78f81d5 elementor--h-position-center elementor--v-position-middle elementor-arrows-position-inside elementor-pagination-position-inside elementor-widget elementor-widget-slides\" data-id=\"78f81d5\" data-element_type=\"widget\" data-e-type=\"widget\" data-settings=\"{&quot;navigation&quot;:&quot;both&quot;,&quot;autoplay&quot;:&quot;yes&quot;,&quot;pause_on_hover&quot;:&quot;yes&quot;,&quot;pause_on_interaction&quot;:&quot;yes&quot;,&quot;autoplay_speed&quot;:5000,&quot;infinite&quot;:&quot;yes&quot;,&quot;transition&quot;:&quot;slide&quot;,&quot;transition_speed&quot;:500}\" data-widget_type=\"slides.default\">\n\t\t\t\t<div class=\"elementor-widget-container\">\n\t\t\t\t\t\t\t\t\t<div class=\"elementor-swiper\">\n\t\t\t\t\t<div class=\"elementor-slides-wrapper elementor-main-swiper swiper\" role=\"region\" aria-roledescription=\"carousel\" aria-label=\"Slides\" dir=\"ltr\" data-animation=\"fadeInUp\">\n\t\t\t\t<div class=\"swiper-wrapper elementor-slides\">\n\t\t\t\t\t\t\t\t\t\t<div class=\"elementor-repeater-item-034df4d swiper-slide\" role=\"group\" aria-roledescription=\"slide\"><div class=\"swiper-slide-bg\" role=\"img\" aria-label=\"Magic-catamaran-tour-in-palma-3\"><\/div><div class=\"swiper-slide-inner\" ><div class=\"swiper-slide-contents\"><div class=\"elementor-slide-heading\">Magic Catamar\u00e1n<\/div><div class=\"elementor-slide-description\"><p>Summer 2025-26<\/p>\n<\/div><\/div><\/div><\/div><div class=\"elementor-repeater-item-4efafcf swiper-slide\" role=\"group\" aria-roledescription=\"slide\"><div class=\"swiper-slide-bg\" role=\"img\" aria-label=\"Revista Digital Mallorca\"><\/div><div class=\"swiper-slide-inner\" ><div class=\"swiper-slide-contents\"><div class=\"elementor-slide-heading\">Nature Island<\/div><div class=\"elementor-slide-description\"><p>Mallorca mountain views<\/p>\n<\/div><\/div><\/div><\/div>\t\t\t\t<\/div>\n\t\t\t\t\t\t\t\t\t\t\t\t\t\t\t<div class=\"elementor-swiper-button elementor-swiper-button-prev\" role=\"button\" tabindex=\"0\" aria-label=\"Previous slide\">\n\t\t\t\t\t\t\t<svg aria-hidden=\"true\" class=\"e-font-icon-svg e-eicon-chevron-left\" viewBox=\"0 0 1000 1000\" xmlns=\"http:\/\/www.w3.org\/2000\/svg\"><path d=\"M646 125C629 125 613 133 604 142L308 442C296 454 292 471 292 487 292 504 296 521 308 533L604 854C617 867 629 875 646 875 663 875 679 871 692 858 704 846 713 829 713 812 713 796 708 779 692 767L438 487 692 225C700 217 708 204 708 187 708 171 704 154 692 142 675 129 663 125 646 125Z\"><\/path><\/svg>\t\t\t\t\t\t<\/div>\n\t\t\t\t\t\t<div class=\"elementor-swiper-button elementor-swiper-button-next\" role=\"button\" tabindex=\"0\" aria-label=\"Next slide\">\n\t\t\t\t\t\t\t<svg aria-hidden=\"true\" class=\"e-font-icon-svg e-eicon-chevron-right\" viewBox=\"0 0 1000 1000\" xmlns=\"http:\/\/www.w3.org\/2000\/svg\"><path d=\"M696 533C708 521 713 504 713 487 713 471 708 454 696 446L400 146C388 133 375 125 354 125 338 125 325 129 313 142 300 154 292 171 292 187 292 204 296 221 308 233L563 492 304 771C292 783 288 800 288 817 288 833 296 850 308 863 321 871 338 875 354 875 371 875 388 867 400 854L696 533Z\"><\/path><\/svg>\t\t\t\t\t\t<\/div>\n\t\t\t\t\t\t\t\t\t\t\t\t\t\t\t\t<div class=\"swiper-pagination\"><\/div>\n\t\t\t\t\t\t\t\t\t\t\t\t<\/div>\n\t\t\t\t<\/div>\n\t\t\t\t\t\t\t\t<\/div>\n\t\t\t\t<\/div>\n\t\t\t\t<div class=\"elementor-element elementor-element-361d925 elementor-widget elementor-widget-heading\" data-id=\"361d925\" data-element_type=\"widget\" data-e-type=\"widget\" data-widget_type=\"heading.default\">\n\t\t\t\t<div class=\"elementor-widget-container\">\n\t\t\t\t\t<h1 class=\"elementor-heading-title elementor-size-default\">Touristische Aktivit\u00e4ten Mallorca<\/h1>\t\t\t\t<\/div>\n\t\t\t\t<\/div>\n\t\t\t\t<div class=\"elementor-element elementor-element-e90f986 elementor-widget elementor-widget-text-editor\" data-id=\"e90f986\" data-element_type=\"widget\" data-e-type=\"widget\" data-widget_type=\"text-editor.default\">\n\t\t\t\t<div class=\"elementor-widget-container\">\n\t\t\t\t\t\t\t\t\t<blockquote><p>Mallorca ist eine Insel im Mittelmeer, die f\u00fcr ihre nat\u00fcrliche Sch\u00f6nheit, ihre Str\u00e4nde, ihre Geschichte und ihre Kultur bekannt ist. Es gibt eine gro\u00dfe Vielfalt an touristischen Aktivit\u00e4ten, die den Besuchern zur Verf\u00fcgung stehen. Aqu\u00ed tien<\/p><\/blockquote><ol><li>Str\u00e4nde und Wassersport<\/li><li>Genie\u00dfen Sie die wundersch\u00f6nen Str\u00e4nde Mallorcas wie Playa de Palma, Cala Mondrag\u00f3 und Es Trenc.<\/li><li>Nehmen Sie an Wassersportarten wie Schnorcheln, Tauchen, Windsurfen, Segeln und Kajakfahren teil.<\/li><li>Bootsausfl\u00fcge<\/li><li>Erkunden Sie die K\u00fcste Mallorcas bei Bootsausfl\u00fcgen.<\/li><li>Fahrten mit dem Glasbodenboot, um das Meeresleben zu bewundern.<\/li><li>Wanderwege<\/li><li>Entdecken Sie die spektakul\u00e4re Sch\u00f6nheit des Tramuntana-Gebirges auf Wanderwegen.<\/li><li>Der Wanderweg GR-221 ist f\u00fcr seine atemberaubenden Ausblicke bekannt.<\/li><\/ol>\t\t\t\t\t\t\t\t<\/div>\n\t\t\t\t<\/div>\n\t\t\t\t<div class=\"elementor-element elementor-element-78099b2 elementor-widget elementor-widget-spacer\" data-id=\"78099b2\" data-element_type=\"widget\" data-e-type=\"widget\" data-widget_type=\"spacer.default\">\n\t\t\t\t<div class=\"elementor-widget-container\">\n\t\t\t\t\t\t\t<div class=\"elementor-spacer\">\n\t\t\t<div class=\"elementor-spacer-inner\"><\/div>\n\t\t<\/div>\n\t\t\t\t\t\t<\/div>\n\t\t\t\t<\/div>\n\t\t\t\t\t<\/div>\n\t\t\t\t<\/div>\n\t\t<div class=\"elementor-element elementor-element-4aa127d e-flex e-con-boxed e-con e-parent\" data-id=\"4aa127d\" data-element_type=\"container\" data-e-type=\"container\">\n\t\t\t\t\t<div class=\"e-con-inner\">\n\t\t<div class=\"elementor-element elementor-element-c86be7e e-con-full e-flex e-con e-child\" data-id=\"c86be7e\" data-element_type=\"container\" data-e-type=\"container\">\n\t\t\t\t<div class=\"elementor-element elementor-element-432809d elementor-widget elementor-widget-image\" data-id=\"432809d\" data-element_type=\"widget\" data-e-type=\"widget\" data-widget_type=\"image.default\">\n\t\t\t\t<div class=\"elementor-widget-container\">\n\t\t\t\t\t\t\t\t\t\t\t\t\t\t\t<img fetchpriority=\"high\" decoding=\"async\" width=\"400\" height=\"267\" src=\"https:\/\/revistadigital-mallorca.es\/wp-content\/uploads\/2023\/12\/Horse-riding-Mallorca.jpg\" class=\"attachment-large size-large wp-image-4096\" alt=\"\" srcset=\"https:\/\/revistadigital-mallorca.es\/wp-content\/uploads\/2023\/12\/Horse-riding-Mallorca.jpg 400w, https:\/\/revistadigital-mallorca.es\/wp-content\/uploads\/2023\/12\/Horse-riding-Mallorca-300x200.jpg 300w\" sizes=\"(max-width: 400px) 100vw, 400px\" \/>\t\t\t\t\t\t\t\t\t\t\t\t\t\t\t<\/div>\n\t\t\t\t<\/div>\n\t\t\t\t<\/div>\n\t\t<div class=\"elementor-element elementor-element-fca8bcf e-con-full e-flex e-con e-child\" data-id=\"fca8bcf\" data-element_type=\"container\" data-e-type=\"container\">\n\t\t\t\t<div class=\"elementor-element elementor-element-82c4c7d elementor-widget elementor-widget-image\" data-id=\"82c4c7d\" data-element_type=\"widget\" data-e-type=\"widget\" data-widget_type=\"image.default\">\n\t\t\t\t<div class=\"elementor-widget-container\">\n\t\t\t\t\t\t\t\t\t\t\t\t\t\t\t<img decoding=\"async\" width=\"400\" height=\"267\" src=\"https:\/\/revistadigital-mallorca.es\/wp-content\/uploads\/2023\/12\/Nautical-Activities.jpg\" class=\"attachment-large size-large wp-image-4099\" alt=\"\" srcset=\"https:\/\/revistadigital-mallorca.es\/wp-content\/uploads\/2023\/12\/Nautical-Activities.jpg 400w, https:\/\/revistadigital-mallorca.es\/wp-content\/uploads\/2023\/12\/Nautical-Activities-300x200.jpg 300w\" sizes=\"(max-width: 400px) 100vw, 400px\" \/>\t\t\t\t\t\t\t\t\t\t\t\t\t\t\t<\/div>\n\t\t\t\t<\/div>\n\t\t\t\t<\/div>\n\t\t\t\t\t<\/div>\n\t\t\t\t<\/div>\n\t\t<div class=\"elementor-element elementor-element-df26a79 e-flex e-con-boxed e-con e-parent\" data-id=\"df26a79\" data-element_type=\"container\" data-e-type=\"container\">\n\t\t\t\t\t<div class=\"e-con-inner\">\n\t\t<div class=\"elementor-element elementor-element-4f3738b e-con-full e-flex e-con e-child\" data-id=\"4f3738b\" data-element_type=\"container\" data-e-type=\"container\">\n\t\t\t\t<div class=\"elementor-element elementor-element-e29d6c3 elementor-widget elementor-widget-image\" data-id=\"e29d6c3\" data-element_type=\"widget\" data-e-type=\"widget\" data-widget_type=\"image.default\">\n\t\t\t\t<div class=\"elementor-widget-container\">\n\t\t\t\t\t\t\t\t\t\t\t\t\t\t\t<img decoding=\"async\" width=\"400\" height=\"267\" src=\"https:\/\/revistadigital-mallorca.es\/wp-content\/uploads\/2023\/12\/Aerial-Activities.jpg\" class=\"attachment-large size-large wp-image-4102\" alt=\"\" srcset=\"https:\/\/revistadigital-mallorca.es\/wp-content\/uploads\/2023\/12\/Aerial-Activities.jpg 400w, https:\/\/revistadigital-mallorca.es\/wp-content\/uploads\/2023\/12\/Aerial-Activities-300x200.jpg 300w\" sizes=\"(max-width: 400px) 100vw, 400px\" \/>\t\t\t\t\t\t\t\t\t\t\t\t\t\t\t<\/div>\n\t\t\t\t<\/div>\n\t\t\t\t<\/div>\n\t\t<div class=\"elementor-element elementor-element-bfa9ba5 e-con-full e-flex e-con e-child\" data-id=\"bfa9ba5\" data-element_type=\"container\" data-e-type=\"container\">\n\t\t\t\t<div class=\"elementor-element elementor-element-7f83969 elementor-widget elementor-widget-image\" data-id=\"7f83969\" data-element_type=\"widget\" data-e-type=\"widget\" data-widget_type=\"image.default\">\n\t\t\t\t<div class=\"elementor-widget-container\">\n\t\t\t\t\t\t\t\t\t\t\t\t\t\t\t<img loading=\"lazy\" decoding=\"async\" width=\"400\" height=\"267\" src=\"https:\/\/revistadigital-mallorca.es\/wp-content\/uploads\/2023\/12\/Land-Activities-Mallroca.jpg\" class=\"attachment-large size-large wp-image-4105\" alt=\"\" srcset=\"https:\/\/revistadigital-mallorca.es\/wp-content\/uploads\/2023\/12\/Land-Activities-Mallroca.jpg 400w, https:\/\/revistadigital-mallorca.es\/wp-content\/uploads\/2023\/12\/Land-Activities-Mallroca-300x200.jpg 300w\" sizes=\"(max-width: 400px) 100vw, 400px\" \/>\t\t\t\t\t\t\t\t\t\t\t\t\t\t\t<\/div>\n\t\t\t\t<\/div>\n\t\t\t\t<\/div>\n\t\t\t\t\t<\/div>\n\t\t\t\t<\/div>\n\t\t<div class=\"elementor-element elementor-element-f08e07d e-flex e-con-boxed e-con e-parent\" data-id=\"f08e07d\" data-element_type=\"container\" data-e-type=\"container\">\n\t\t\t\t\t<div class=\"e-con-inner\">\n\t\t\t\t<div class=\"elementor-element elementor-element-8bf4a57 elementor-widget elementor-widget-text-editor\" data-id=\"8bf4a57\" data-element_type=\"widget\" data-e-type=\"widget\" data-widget_type=\"text-editor.default\">\n\t\t\t\t<div class=\"elementor-widget-container\">\n\t\t\t\t\t\t\t\t\t<p>Dies sind einige weitere Ideen, die Mallorca bietet, um die Interessen verschiedener Besucher zu befriedigen. Ber\u00fccksichtigen Sie bei der Planung Ihres Besuchs Ihre Vorlieben und die Jahreszeit, da einige Aktivit\u00e4ten saisonabh\u00e4ngig sein k\u00f6nnen. <\/p>\t\t\t\t\t\t\t\t<\/div>\n\t\t\t\t<\/div>\n\t\t\t\t<div class=\"elementor-element elementor-element-71a6a0a elementor-widget elementor-widget-text-editor\" data-id=\"71a6a0a\" data-element_type=\"widget\" data-e-type=\"widget\" data-widget_type=\"text-editor.default\">\n\t\t\t\t<div class=\"elementor-widget-container\">\n\t\t\t\t\t\t\t\t\t<p><strong>Radsport: <\/strong><span style=\"font-family: inherit; letter-spacing: 0px; color: var( --e-global-color-text ); font-weight: var( --e-global-typography-text-font-weight ); text-align: var(--text-align);\">Mallorca ist ein beliebtes Reiseziel f\u00fcr Radsportbegeisterte. Es gibt Routen f\u00fcr alle Niveaus.  <\/span><span style=\"font-family: inherit; letter-spacing: 0px; color: var( --e-global-color-text ); font-weight: var( --e-global-typography-text-font-weight ); text-align: var(--text-align);\">Mieten Sie ein Fahrrad und erkunden Sie die Insel auf zwei R\u00e4dern.<\/span><\/p><p><strong>Kulturelle Touren:<\/strong> Erkunden Sie die Hauptstadt Palma und besuchen Sie die Kathedrale Santa Mar\u00eda, den K\u00f6nigspalast Almudaina und das Schloss Bellver. Entdecken Sie bezaubernde St\u00e4dte wie Valldemossa und S\u00f3ller.<\/p><p><strong>Gastronomie:<\/strong> Genie\u00dfen Sie k\u00f6stliche mallorquinische K\u00fcche in lokalen Restaurants. Nehmen Sie an kulinarischen Touren teil und probieren Sie lokale Produkte wie Sobrasada und Mah\u00f3n-K\u00e4se.<\/p><p><strong>Weing\u00fcter und Weinproben:<\/strong> Besuchen Sie die Weing\u00fcter der Region und probieren Sie lokale Weine. Einige Weing\u00fcter bieten F\u00fchrungen und Weinproben an.<\/p><p><strong>Naturparks:<\/strong> Besuchen Sie den Naturpark Mondrag\u00f3 und den Naturpark S&#8217;Albufera, um die Natur zu genie\u00dfen und V\u00f6gel zu beobachten.<\/p><p><strong>Sport und Abenteuer:<\/strong> Spielen Sie Golf auf einem der Golfpl\u00e4tze der Insel. Erleben Sie den Nervenkitzel von Sportarten wie Klettern, Fallschirmspringen oder Paragliding.<\/p><p><strong>Lokale Festivals und Veranstaltungen: <\/strong>Nehmen Sie an lokalen Festivals und kulturellen Veranstaltungen teil, die oft Musik, Tanz und Festivals beinhalten.<\/p>\t\t\t\t\t\t\t\t<\/div>\n\t\t\t\t<\/div>\n\t\t\t\t\t<\/div>\n\t\t\t\t<\/div>\n\t\t<div class=\"elementor-element elementor-element-3028913 e-flex e-con-boxed e-con e-parent\" data-id=\"3028913\" data-element_type=\"container\" data-e-type=\"container\">\n\t\t\t\t\t<div class=\"e-con-inner\">\n\t\t\t\t<div class=\"elementor-element elementor-element-96f4c7b elementor-widget elementor-widget-anymag_random\" data-id=\"96f4c7b\" data-element_type=\"widget\" data-e-type=\"widget\" data-widget_type=\"anymag_random.default\">\n\t\t\t\t<div class=\"elementor-widget-container\">\n\t\t\t\t\t<div class=\"random-posts post-by-category shortcode\"><div class=\"random-items three-fr\"><div class=\"item-random\"><div class=\"random-image\">\r\n              <div class=\"overlay\"><\/div>\r\n              <a href=\"https:\/\/revistadigital-mallorca.es\/de\/skualo-tauchzentrum\/\"><img loading=\"lazy\" decoding=\"async\" width=\"490\" height=\"550\" src=\"https:\/\/revistadigital-mallorca.es\/wp-content\/uploads\/2023\/12\/Jaume-Skualo-490x550.jpeg\" class=\"attachment-anymag-misc size-anymag-misc wp-post-image\" alt=\"Tauchen auf Mallorca\" \/><\/a>\r\n            <\/div><div class=\"random-ttl\">\r\n              <h5><a href=\"https:\/\/revistadigital-mallorca.es\/de\/skualo-tauchzentrum\/\">Skualo Tauchzentrum<\/a><\/h5><\/div><\/div><div class=\"item-random\"><div class=\"random-ttl\">\r\n              <h5><a href=\"https:\/\/revistadigital-mallorca.es\/de\/mmr22-motorradvermietung-ducati-mallorca\/\">MMR22 Ducati\u2011Motorradverleih auf Mallorca<\/a><\/h5><\/div><\/div><\/div><\/div>\t\t\t\t<\/div>\n\t\t\t\t<\/div>\n\t\t\t\t\t<\/div>\n\t\t\t\t<\/div>\n\t\t\t\t<\/div>\n\t\t","protected":false},"excerpt":{"rendered":"<p>Magic Catamar\u00e1n Summer 2025-26 Nature Island Mallorca mountain views Touristische Aktivit\u00e4ten Mallorca Mallorca ist eine Insel im Mittelmeer, die f\u00fcr ihre nat\u00fcrliche Sch\u00f6nheit, ihre Str\u00e4nde, ihre Geschichte und ihre Kultur bekannt ist. Es gibt eine gro\u00dfe Vielfalt an touristischen Aktivit\u00e4ten, die den Besuchern zur Verf\u00fcgung stehen. Aqu\u00ed tien Str\u00e4nde und Wassersport Genie\u00dfen Sie die wundersch\u00f6nen [&hellip;]<\/p>\n","protected":false},"author":1,"featured_media":4091,"parent":0,"menu_order":0,"comment_status":"closed","ping_status":"closed","template":"","meta":{"_acf_changed":false,"footnotes":""},"tags":[],"class_list":["post-5433","page","type-page","status-publish","has-post-thumbnail","hentry"],"acf":[],"_links":{"self":[{"href":"https:\/\/revistadigital-mallorca.es\/de\/wp-json\/wp\/v2\/pages\/5433","targetHints":{"allow":["GET"]}}],"collection":[{"href":"https:\/\/revistadigital-mallorca.es\/de\/wp-json\/wp\/v2\/pages"}],"about":[{"href":"https:\/\/revistadigital-mallorca.es\/de\/wp-json\/wp\/v2\/types\/page"}],"author":[{"embeddable":true,"href":"https:\/\/revistadigital-mallorca.es\/de\/wp-json\/wp\/v2\/users\/1"}],"replies":[{"embeddable":true,"href":"https:\/\/revistadigital-mallorca.es\/de\/wp-json\/wp\/v2\/comments?post=5433"}],"version-history":[{"count":4,"href":"https:\/\/revistadigital-mallorca.es\/de\/wp-json\/wp\/v2\/pages\/5433\/revisions"}],"predecessor-version":[{"id":6820,"href":"https:\/\/revistadigital-mallorca.es\/de\/wp-json\/wp\/v2\/pages\/5433\/revisions\/6820"}],"wp:featuredmedia":[{"embeddable":true,"href":"https:\/\/revistadigital-mallorca.es\/de\/wp-json\/wp\/v2\/media\/4091"}],"wp:attachment":[{"href":"https:\/\/revistadigital-mallorca.es\/de\/wp-json\/wp\/v2\/media?parent=5433"}],"wp:term":[{"taxonomy":"post_tag","embeddable":true,"href":"https:\/\/revistadigital-mallorca.es\/de\/wp-json\/wp\/v2\/tags?post=5433"}],"curies":[{"name":"wp","href":"https:\/\/api.w.org\/{rel}","templated":true}]}}